{"id":34,"date":"2025-09-06T08:32:58","date_gmt":"2025-09-06T08:32:58","guid":{"rendered":"https:\/\/test.autoservice-kotzan.de\/?page_id=34"},"modified":"2025-09-06T10:28:06","modified_gmt":"2025-09-06T10:28:06","slug":"reifenservice-von-a-bis-z","status":"publish","type":"page","link":"https:\/\/autoservice-kotzan.de\/?page_id=34","title":{"rendered":"Reifenservice \u2013 von A-bis-Z"},"content":{"rendered":"\t\t<div data-elementor-type=\"wp-page\" data-elementor-id=\"34\" class=\"elementor elementor-34\" data-elementor-post-type=\"page\">\n\t\t\t\t<div class=\"elementor-element elementor-element-539b924 e-flex e-con-boxed e-con e-parent\" data-id=\"539b924\" data-element_type=\"container\">\n\t\t\t\t\t<div class=\"e-con-inner\">\n\t\t\t\t<div class=\"elementor-element elementor-element-dca07ec elementor-widget__width-initial elementor-widget elementor-widget-image\" data-id=\"dca07ec\" data-element_type=\"widget\" data-widget_type=\"image.default\">\n\t\t\t\t\t\t\t\t\t\t\t\t\t\t\t<img fetchpriority=\"high\" decoding=\"async\" width=\"800\" height=\"534\" src=\"https:\/\/autoservice-kotzan.de\/wp-content\/uploads\/2025\/09\/658-1024x683.jpg\" class=\"attachment-large size-large wp-image-88\" alt=\"\" srcset=\"https:\/\/autoservice-kotzan.de\/wp-content\/uploads\/2025\/09\/658-1024x683.jpg 1024w, https:\/\/autoservice-kotzan.de\/wp-content\/uploads\/2025\/09\/658-300x200.jpg 300w, https:\/\/autoservice-kotzan.de\/wp-content\/uploads\/2025\/09\/658-768x512.jpg 768w, https:\/\/autoservice-kotzan.de\/wp-content\/uploads\/2025\/09\/658-1536x1024.jpg 1536w, https:\/\/autoservice-kotzan.de\/wp-content\/uploads\/2025\/09\/658.jpg 1800w\" sizes=\"(max-width: 800px) 100vw, 800px\" \/>\t\t\t\t\t\t\t\t\t\t\t\t\t\t\t<\/div>\n\t\t\t\t<div class=\"elementor-element elementor-element-046b76f elementor-widget elementor-widget-text-editor\" data-id=\"046b76f\" data-element_type=\"widget\" data-widget_type=\"text-editor.default\">\n\t\t\t\t\t\t\t\t\t<p>Ihre\u00a0<strong>Reifen<\/strong>\u00a0liegen uns am Herzen \u2013 man kann bei vielen Dingen am Fahrzeug sparen aber die Reifen sollten es nicht sein. Die Reifen stellen ein Sicherheitselement dar und k\u00f6nnen sogar lebenswichtige Faktoren beeinflussen. Hierbei stehen auch zahlreiche\u00a0<strong>EU-Normen<\/strong>\u00a0im Vordergrund.<\/p><p>Die richtigen\u00a0<strong>Reifen \/ Felgen<\/strong>\u00a0k\u00f6nnen zur Wirtschaftlichkeit beim Fahren mit Ihrem KFZ beitragen. Wussten sie eigentlich, dass \u00fcber 25% des Kraftsoffs zur \u00dcberwindung des Rollwiderstandes f\u00fchren? Es lohnt sich immer, den\u00a0<strong>richten Reifen<\/strong>\u00a0bzw. Felge aufzuziehen. Dabei wird nicht nur die Sicherheit h\u00f6her, nein,\u00a0<strong>Sie sparen auch viel Geld!<\/strong><\/p><p>\u00a0<\/p><p>Aus diesem Grund bieten wir Ihnen in\u00a0<strong>Cottbus und Umgebung<\/strong>\u00a0unseren Reifenservice an. Egal ob\u00a0<strong>PKW, Oldtimer oder Motorr\u00e4der<\/strong>\u00a0\u2013 bei uns ist jedes Fahrzeug willkommen.<\/p><p>Hierbei geht es nicht nur um den Reifenwechsel. Wir bieten Ihnen auch viele weitere Service-Leistungen rund um Ihr Rad an:\u00a0<strong>Felgen, Auswuchten, fachgerechte Einlagerung, Profilvermessung und eine umweltbewusste Entsorgung.<\/strong><\/p>\t\t\t\t\t\t\t\t<\/div>\n\t\t\t\t\t<\/div>\n\t\t\t\t<\/div>\n\t\t\t\t<\/div>\n\t\t","protected":false},"excerpt":{"rendered":"<p>Ihre\u00a0Reifen\u00a0liegen uns am Herzen \u2013 man kann bei vielen Dingen am Fahrzeug sparen aber die Reifen sollten es nicht sein. Die Reifen stellen ein Sicherheitselement dar und k\u00f6nnen sogar lebenswichtige Faktoren beeinflussen. Hierbei stehen auch zahlreiche\u00a0EU-Normen\u00a0im Vordergrund. Die richtigen\u00a0Reifen \/ Felgen\u00a0k\u00f6nnen zur Wirtschaftlichkeit beim Fahren mit Ihrem KFZ beitragen. Wussten sie eigentlich, dass \u00fcber 25% [&hellip;]<\/p>\n","protected":false},"author":1,"featured_media":0,"parent":14,"menu_order":0,"comment_status":"closed","ping_status":"closed","template":"","meta":{"footnotes":""},"class_list":["post-34","page","type-page","status-publish","hentry"],"_links":{"self":[{"href":"https:\/\/autoservice-kotzan.de\/index.php?rest_route=\/wp\/v2\/pages\/34","targetHints":{"allow":["GET"]}}],"collection":[{"href":"https:\/\/autoservice-kotzan.de\/index.php?rest_route=\/wp\/v2\/pages"}],"about":[{"href":"https:\/\/autoservice-kotzan.de\/index.php?rest_route=\/wp\/v2\/types\/page"}],"author":[{"embeddable":true,"href":"https:\/\/autoservice-kotzan.de\/index.php?rest_route=\/wp\/v2\/users\/1"}],"replies":[{"embeddable":true,"href":"https:\/\/autoservice-kotzan.de\/index.php?rest_route=%2Fwp%2Fv2%2Fcomments&post=34"}],"version-history":[{"count":10,"href":"https:\/\/autoservice-kotzan.de\/index.php?rest_route=\/wp\/v2\/pages\/34\/revisions"}],"predecessor-version":[{"id":236,"href":"https:\/\/autoservice-kotzan.de\/index.php?rest_route=\/wp\/v2\/pages\/34\/revisions\/236"}],"up":[{"embeddable":true,"href":"https:\/\/autoservice-kotzan.de\/index.php?rest_route=\/wp\/v2\/pages\/14"}],"wp:attachment":[{"href":"https:\/\/autoservice-kotzan.de\/index.php?rest_route=%2Fwp%2Fv2%2Fmedia&parent=34"}],"curies":[{"name":"wp","href":"https:\/\/api.w.org\/{rel}","templated":true}]}}