{"id":32,"date":"2025-09-06T08:32:43","date_gmt":"2025-09-06T08:32:43","guid":{"rendered":"https:\/\/test.autoservice-kotzan.de\/?page_id=32"},"modified":"2025-09-06T10:30:43","modified_gmt":"2025-09-06T10:30:43","slug":"durchsicht-inspektion","status":"publish","type":"page","link":"https:\/\/autoservice-kotzan.de\/?page_id=32","title":{"rendered":"Durchsicht \u2013 Inspektion"},"content":{"rendered":"\t\t<div data-elementor-type=\"wp-page\" data-elementor-id=\"32\" class=\"elementor elementor-32\" data-elementor-post-type=\"page\">\n\t\t\t\t<div class=\"elementor-element elementor-element-1fbbac1 e-flex e-con-boxed e-con e-parent\" data-id=\"1fbbac1\" data-element_type=\"container\">\n\t\t\t\t\t<div class=\"e-con-inner\">\n\t\t\t\t<div class=\"elementor-element elementor-element-0f008d6 elementor-widget elementor-widget-image\" data-id=\"0f008d6\" data-element_type=\"widget\" data-widget_type=\"image.default\">\n\t\t\t\t\t\t\t\t\t\t\t\t\t\t\t<img fetchpriority=\"high\" decoding=\"async\" width=\"800\" height=\"534\" src=\"https:\/\/autoservice-kotzan.de\/wp-content\/uploads\/2025\/09\/1702-1-1024x683.jpg\" class=\"attachment-large size-large wp-image-108\" alt=\"\" srcset=\"https:\/\/autoservice-kotzan.de\/wp-content\/uploads\/2025\/09\/1702-1-1024x683.jpg 1024w, https:\/\/autoservice-kotzan.de\/wp-content\/uploads\/2025\/09\/1702-1-300x200.jpg 300w, https:\/\/autoservice-kotzan.de\/wp-content\/uploads\/2025\/09\/1702-1-768x512.jpg 768w, https:\/\/autoservice-kotzan.de\/wp-content\/uploads\/2025\/09\/1702-1-1536x1024.jpg 1536w, https:\/\/autoservice-kotzan.de\/wp-content\/uploads\/2025\/09\/1702-1.jpg 1800w\" sizes=\"(max-width: 800px) 100vw, 800px\" \/>\t\t\t\t\t\t\t\t\t\t\t\t\t\t\t<\/div>\n\t\t\t\t<div class=\"elementor-element elementor-element-34dd75e elementor-widget elementor-widget-text-editor\" data-id=\"34dd75e\" data-element_type=\"widget\" data-widget_type=\"text-editor.default\">\n\t\t\t\t\t\t\t\t\t<p><strong>Rechtzeitig die Durchsicht erledigen und Geld sparen<\/strong><\/p><p>Jeder Hersteller gibt f\u00fcr die\u00a0<strong>KFZ-Inspektion \/ Durchsicht<\/strong>\u00a0die Serviceintervalle vor. Somit muss fast jedes Fahrzeug ein bis zweimal im Jahr in die\u00a0<strong>Werkstatt<\/strong>, um eine Inspektion zu machen. Dabei fallen Inspektionskosten f\u00fcr Ihr Auto an \u2013 um so mehr oder \u00e4lter ihr Fahrzeug (KFZ) ist, umso h\u00e4ufiger sollte es zur Durchsicht.<\/p><p>Die Intervalle f\u00fcr Ihr Fahrzeug werden gem\u00e4\u00df Fahrleistung (nach gefahrenen Kilometern) oder in Jahren gemessen.<\/p><p><strong>Welche Kosten kommen auf mich als Fahrzeughalter zu:<\/strong><\/p><ul><li><strong>Bremsanlage<\/strong>\u00a0(Bremsen (Bremsscheiben und Bremsbel\u00e4ge)<\/li><li><strong>Fl\u00fcssigkeiten<\/strong>\u00a0(\u00d6l, K\u00e4ltemittel, K\u00fchlfl\u00fcssigkeit usw.)<\/li><li><strong>Verschlei\u00dfteile<\/strong>\u00a0(Luftfilter, \u00d6lfilter, Z\u00fcndkerzen, Keilriemen, Rippenriemen oder Wischerbl\u00e4tter usw.)<\/li><li><strong>Schrauben und andere Zubeh\u00f6rteile<\/strong><\/li><\/ul><p>F\u00fcr eine individuelle Beratung empfehlen Wir\u00a0 \u2013 uns zu kontaktieren! E-Mail \u2013 Telefon<\/p>\t\t\t\t\t\t\t\t<\/div>\n\t\t\t\t\t<\/div>\n\t\t\t\t<\/div>\n\t\t\t\t<\/div>\n\t\t","protected":false},"excerpt":{"rendered":"<p>Rechtzeitig die Durchsicht erledigen und Geld sparen Jeder Hersteller gibt f\u00fcr die\u00a0KFZ-Inspektion \/ Durchsicht\u00a0die Serviceintervalle vor. Somit muss fast jedes Fahrzeug ein bis zweimal im Jahr in die\u00a0Werkstatt, um eine Inspektion zu machen. Dabei fallen Inspektionskosten f\u00fcr Ihr Auto an \u2013 um so mehr oder \u00e4lter ihr Fahrzeug (KFZ) ist, umso h\u00e4ufiger sollte es zur [&hellip;]<\/p>\n","protected":false},"author":1,"featured_media":0,"parent":14,"menu_order":0,"comment_status":"closed","ping_status":"closed","template":"","meta":{"footnotes":""},"class_list":["post-32","page","type-page","status-publish","hentry"],"_links":{"self":[{"href":"https:\/\/autoservice-kotzan.de\/index.php?rest_route=\/wp\/v2\/pages\/32","targetHints":{"allow":["GET"]}}],"collection":[{"href":"https:\/\/autoservice-kotzan.de\/index.php?rest_route=\/wp\/v2\/pages"}],"about":[{"href":"https:\/\/autoservice-kotzan.de\/index.php?rest_route=\/wp\/v2\/types\/page"}],"author":[{"embeddable":true,"href":"https:\/\/autoservice-kotzan.de\/index.php?rest_route=\/wp\/v2\/users\/1"}],"replies":[{"embeddable":true,"href":"https:\/\/autoservice-kotzan.de\/index.php?rest_route=%2Fwp%2Fv2%2Fcomments&post=32"}],"version-history":[{"count":4,"href":"https:\/\/autoservice-kotzan.de\/index.php?rest_route=\/wp\/v2\/pages\/32\/revisions"}],"predecessor-version":[{"id":245,"href":"https:\/\/autoservice-kotzan.de\/index.php?rest_route=\/wp\/v2\/pages\/32\/revisions\/245"}],"up":[{"embeddable":true,"href":"https:\/\/autoservice-kotzan.de\/index.php?rest_route=\/wp\/v2\/pages\/14"}],"wp:attachment":[{"href":"https:\/\/autoservice-kotzan.de\/index.php?rest_route=%2Fwp%2Fv2%2Fmedia&parent=32"}],"curies":[{"name":"wp","href":"https:\/\/api.w.org\/{rel}","templated":true}]}}