{"id":28,"date":"2025-09-06T08:32:18","date_gmt":"2025-09-06T08:32:18","guid":{"rendered":"https:\/\/test.autoservice-kotzan.de\/?page_id=28"},"modified":"2025-09-06T10:31:44","modified_gmt":"2025-09-06T10:31:44","slug":"lackierung","status":"publish","type":"page","link":"https:\/\/autoservice-kotzan.de\/?page_id=28","title":{"rendered":"Lackierung"},"content":{"rendered":"\t\t<div data-elementor-type=\"wp-page\" data-elementor-id=\"28\" class=\"elementor elementor-28\" data-elementor-post-type=\"page\">\n\t\t\t\t<div class=\"elementor-element elementor-element-f6f8e4d e-flex e-con-boxed e-con e-parent\" data-id=\"f6f8e4d\" data-element_type=\"container\">\n\t\t\t\t\t<div class=\"e-con-inner\">\n\t\t\t\t<div class=\"elementor-element elementor-element-7bcba29 elementor-widget elementor-widget-image\" data-id=\"7bcba29\" data-element_type=\"widget\" data-widget_type=\"image.default\">\n\t\t\t\t\t\t\t\t\t\t\t\t\t\t\t<img fetchpriority=\"high\" decoding=\"async\" width=\"800\" height=\"533\" src=\"https:\/\/autoservice-kotzan.de\/wp-content\/uploads\/2025\/09\/1-1-1-1024x682.jpg\" class=\"attachment-large size-large wp-image-97\" alt=\"\" srcset=\"https:\/\/autoservice-kotzan.de\/wp-content\/uploads\/2025\/09\/1-1-1-1024x682.jpg 1024w, https:\/\/autoservice-kotzan.de\/wp-content\/uploads\/2025\/09\/1-1-1-300x200.jpg 300w, https:\/\/autoservice-kotzan.de\/wp-content\/uploads\/2025\/09\/1-1-1-768x511.jpg 768w, https:\/\/autoservice-kotzan.de\/wp-content\/uploads\/2025\/09\/1-1-1-1536x1022.jpg 1536w, https:\/\/autoservice-kotzan.de\/wp-content\/uploads\/2025\/09\/1-1-1.jpg 1803w\" sizes=\"(max-width: 800px) 100vw, 800px\" \/>\t\t\t\t\t\t\t\t\t\t\t\t\t\t\t<\/div>\n\t\t\t\t<div class=\"elementor-element elementor-element-f7e1b8e elementor-widget elementor-widget-text-editor\" data-id=\"f7e1b8e\" data-element_type=\"widget\" data-widget_type=\"text-editor.default\">\n\t\t\t\t\t\t\t\t\t<h3>Wir halten Ihre Kosten im Rahmen!<\/h3><p>Smart-Repair oder\u00a0<strong>Unfall-Lackierung<\/strong>\u00a0ist uns kein Problem. Nach der Instandsetzung Ihres Fahrzeuges steht die Lackierung an, dabei werden kleine und\u00a0<strong>mittlere Sch\u00e4den<\/strong>\u00a0am Fahrzeug in unserer\u00a0<strong>hauseigenen Lackierkabine<\/strong>\u00a0erledigt. Hierf\u00fcr achten wir auf h\u00f6chste Qualit\u00e4tsstandard im Bereich der\u00a0<strong>Farbentreue und der Oberfl\u00e4chenbeschichtung<\/strong>.<\/p><p>\u00a0<\/p>\t\t\t\t\t\t\t\t<\/div>\n\t\t\t\t\t<\/div>\n\t\t\t\t<\/div>\n\t\t\t\t<\/div>\n\t\t","protected":false},"excerpt":{"rendered":"<p>Wir halten Ihre Kosten im Rahmen! Smart-Repair oder\u00a0Unfall-Lackierung\u00a0ist uns kein Problem. Nach der Instandsetzung Ihres Fahrzeuges steht die Lackierung an, dabei werden kleine und\u00a0mittlere Sch\u00e4den\u00a0am Fahrzeug in unserer\u00a0hauseigenen Lackierkabine\u00a0erledigt. Hierf\u00fcr achten wir auf h\u00f6chste Qualit\u00e4tsstandard im Bereich der\u00a0Farbentreue und der Oberfl\u00e4chenbeschichtung. \u00a0<\/p>\n","protected":false},"author":1,"featured_media":0,"parent":14,"menu_order":0,"comment_status":"closed","ping_status":"closed","template":"","meta":{"footnotes":""},"class_list":["post-28","page","type-page","status-publish","hentry"],"_links":{"self":[{"href":"https:\/\/autoservice-kotzan.de\/index.php?rest_route=\/wp\/v2\/pages\/28","targetHints":{"allow":["GET"]}}],"collection":[{"href":"https:\/\/autoservice-kotzan.de\/index.php?rest_route=\/wp\/v2\/pages"}],"about":[{"href":"https:\/\/autoservice-kotzan.de\/index.php?rest_route=\/wp\/v2\/types\/page"}],"author":[{"embeddable":true,"href":"https:\/\/autoservice-kotzan.de\/index.php?rest_route=\/wp\/v2\/users\/1"}],"replies":[{"embeddable":true,"href":"https:\/\/autoservice-kotzan.de\/index.php?rest_route=%2Fwp%2Fv2%2Fcomments&post=28"}],"version-history":[{"count":4,"href":"https:\/\/autoservice-kotzan.de\/index.php?rest_route=\/wp\/v2\/pages\/28\/revisions"}],"predecessor-version":[{"id":248,"href":"https:\/\/autoservice-kotzan.de\/index.php?rest_route=\/wp\/v2\/pages\/28\/revisions\/248"}],"up":[{"embeddable":true,"href":"https:\/\/autoservice-kotzan.de\/index.php?rest_route=\/wp\/v2\/pages\/14"}],"wp:attachment":[{"href":"https:\/\/autoservice-kotzan.de\/index.php?rest_route=%2Fwp%2Fv2%2Fmedia&parent=28"}],"curies":[{"name":"wp","href":"https:\/\/api.w.org\/{rel}","templated":true}]}}