{"id":24,"date":"2025-09-06T08:31:43","date_gmt":"2025-09-06T08:31:43","guid":{"rendered":"https:\/\/test.autoservice-kotzan.de\/?page_id=24"},"modified":"2025-09-06T10:27:05","modified_gmt":"2025-09-06T10:27:05","slug":"scheibenreparatur-wechsel","status":"publish","type":"page","link":"https:\/\/autoservice-kotzan.de\/?page_id=24","title":{"rendered":"Scheibenreparatur \/ -wechsel"},"content":{"rendered":"\t\t<div data-elementor-type=\"wp-page\" data-elementor-id=\"24\" class=\"elementor elementor-24\" data-elementor-post-type=\"page\">\n\t\t\t\t<div class=\"elementor-element elementor-element-63b3323 e-flex e-con-boxed e-con e-parent\" data-id=\"63b3323\" data-element_type=\"container\">\n\t\t\t\t\t<div class=\"e-con-inner\">\n\t\t\t\t<div class=\"elementor-element elementor-element-6d2a9c5 elementor-widget elementor-widget-image\" data-id=\"6d2a9c5\" data-element_type=\"widget\" data-widget_type=\"image.default\">\n\t\t\t\t\t\t\t\t\t\t\t\t\t\t\t<img fetchpriority=\"high\" decoding=\"async\" width=\"800\" height=\"517\" src=\"https:\/\/autoservice-kotzan.de\/wp-content\/uploads\/2025\/09\/123123-1024x662.jpg\" class=\"attachment-large size-large wp-image-83\" alt=\"\" srcset=\"https:\/\/autoservice-kotzan.de\/wp-content\/uploads\/2025\/09\/123123-1024x662.jpg 1024w, https:\/\/autoservice-kotzan.de\/wp-content\/uploads\/2025\/09\/123123-300x194.jpg 300w, https:\/\/autoservice-kotzan.de\/wp-content\/uploads\/2025\/09\/123123-768x497.jpg 768w, https:\/\/autoservice-kotzan.de\/wp-content\/uploads\/2025\/09\/123123-1536x993.jpg 1536w, https:\/\/autoservice-kotzan.de\/wp-content\/uploads\/2025\/09\/123123.jpg 1800w\" sizes=\"(max-width: 800px) 100vw, 800px\" \/>\t\t\t\t\t\t\t\t\t\t\t\t\t\t\t<\/div>\n\t\t\t\t<div class=\"elementor-element elementor-element-63a21bd elementor-widget elementor-widget-text-editor\" data-id=\"63a21bd\" data-element_type=\"widget\" data-widget_type=\"text-editor.default\">\n\t\t\t\t\t\t\t\t\t<p>Bei\u00a0<strong>Glassch\u00e4den<\/strong>\u00a0an Fahrzeugen z\u00e4hlt die\u00a0<strong>Steinschlagreparatur<\/strong>\u00a0wohl zu den h\u00e4ufigsten\u00a0<strong>Scheibenreparaturen<\/strong>. Dieser Schaden tritt w\u00e4hrend der Fahrt unvorhergesehen und pl\u00f6tzlich auf. Neben den typischen Steinschlag an Autoglas gibt etwas nat\u00fcrlich noch weitere Schadensarten wie: Kratzer, Risse, Vandalismus, Autounfall oder Einbruch, die eine Scheibenreparatur bzw. Austausch der kompletten Autoscheibe erfordern.<\/p><p>Im Falle einer\u00a0<strong>Scheibenreparatur\u00a0<\/strong>zum Beispiel mittels<strong>\u00a0Steinschlag<\/strong>\u00a0\u00fcbernimmt meistens die\u00a0<strong>Kaskoversicherung \/ Teilkaskoversicherung<\/strong>\u00a0die gesamten Kosten, dabei ist es nat\u00fcrlich abh\u00e4ngig Wie und wo der Schaden entstanden ist. Somit erfolgt eine\u00a0<strong>kostenlose<\/strong>\u00a0Scheibenreparatur. Ist beispielsweise, der Austausch der kompletten Scheibe notwendig, muss in den meisten F\u00e4llen von Ihnen der Selbstbehalt gezahlt werden.<\/p><p>F\u00fcr Fragen stehen wir Ihnen gern zur Verf\u00fcgung.<\/p>\t\t\t\t\t\t\t\t<\/div>\n\t\t\t\t\t<\/div>\n\t\t\t\t<\/div>\n\t\t\t\t<\/div>\n\t\t","protected":false},"excerpt":{"rendered":"<p>Bei\u00a0Glassch\u00e4den\u00a0an Fahrzeugen z\u00e4hlt die\u00a0Steinschlagreparatur\u00a0wohl zu den h\u00e4ufigsten\u00a0Scheibenreparaturen. Dieser Schaden tritt w\u00e4hrend der Fahrt unvorhergesehen und pl\u00f6tzlich auf. Neben den typischen Steinschlag an Autoglas gibt etwas nat\u00fcrlich noch weitere Schadensarten wie: Kratzer, Risse, Vandalismus, Autounfall oder Einbruch, die eine Scheibenreparatur bzw. Austausch der kompletten Autoscheibe erfordern. Im Falle einer\u00a0Scheibenreparatur\u00a0zum Beispiel mittels\u00a0Steinschlag\u00a0\u00fcbernimmt meistens die\u00a0Kaskoversicherung \/ Teilkaskoversicherung\u00a0die gesamten [&hellip;]<\/p>\n","protected":false},"author":1,"featured_media":0,"parent":14,"menu_order":0,"comment_status":"closed","ping_status":"closed","template":"","meta":{"footnotes":""},"class_list":["post-24","page","type-page","status-publish","hentry"],"_links":{"self":[{"href":"https:\/\/autoservice-kotzan.de\/index.php?rest_route=\/wp\/v2\/pages\/24","targetHints":{"allow":["GET"]}}],"collection":[{"href":"https:\/\/autoservice-kotzan.de\/index.php?rest_route=\/wp\/v2\/pages"}],"about":[{"href":"https:\/\/autoservice-kotzan.de\/index.php?rest_route=\/wp\/v2\/types\/page"}],"author":[{"embeddable":true,"href":"https:\/\/autoservice-kotzan.de\/index.php?rest_route=\/wp\/v2\/users\/1"}],"replies":[{"embeddable":true,"href":"https:\/\/autoservice-kotzan.de\/index.php?rest_route=%2Fwp%2Fv2%2Fcomments&post=24"}],"version-history":[{"count":4,"href":"https:\/\/autoservice-kotzan.de\/index.php?rest_route=\/wp\/v2\/pages\/24\/revisions"}],"predecessor-version":[{"id":227,"href":"https:\/\/autoservice-kotzan.de\/index.php?rest_route=\/wp\/v2\/pages\/24\/revisions\/227"}],"up":[{"embeddable":true,"href":"https:\/\/autoservice-kotzan.de\/index.php?rest_route=\/wp\/v2\/pages\/14"}],"wp:attachment":[{"href":"https:\/\/autoservice-kotzan.de\/index.php?rest_route=%2Fwp%2Fv2%2Fmedia&parent=24"}],"curies":[{"name":"wp","href":"https:\/\/api.w.org\/{rel}","templated":true}]}}