{"id":20,"date":"2025-09-06T08:31:04","date_gmt":"2025-09-06T08:31:04","guid":{"rendered":"https:\/\/test.autoservice-kotzan.de\/?page_id=20"},"modified":"2025-09-06T10:29:53","modified_gmt":"2025-09-06T10:29:53","slug":"oelwechsel","status":"publish","type":"page","link":"https:\/\/autoservice-kotzan.de\/?page_id=20","title":{"rendered":"\u00d6lwechsel"},"content":{"rendered":"\t\t<div data-elementor-type=\"wp-page\" data-elementor-id=\"20\" class=\"elementor elementor-20\" data-elementor-post-type=\"page\">\n\t\t\t\t<div class=\"elementor-element elementor-element-5ba15e8 e-flex e-con-boxed e-con e-parent\" data-id=\"5ba15e8\" data-element_type=\"container\">\n\t\t\t\t\t<div class=\"e-con-inner\">\n\t\t\t\t<div class=\"elementor-element elementor-element-11ec7bc elementor-widget elementor-widget-image\" data-id=\"11ec7bc\" data-element_type=\"widget\" data-widget_type=\"image.default\">\n\t\t\t\t\t\t\t\t\t\t\t\t\t\t\t<img fetchpriority=\"high\" decoding=\"async\" width=\"800\" height=\"543\" src=\"https:\/\/autoservice-kotzan.de\/wp-content\/uploads\/2025\/09\/43-1-1024x695.jpg\" class=\"attachment-large size-large wp-image-98\" alt=\"\" srcset=\"https:\/\/autoservice-kotzan.de\/wp-content\/uploads\/2025\/09\/43-1-1024x695.jpg 1024w, https:\/\/autoservice-kotzan.de\/wp-content\/uploads\/2025\/09\/43-1-300x204.jpg 300w, https:\/\/autoservice-kotzan.de\/wp-content\/uploads\/2025\/09\/43-1-768x521.jpg 768w, https:\/\/autoservice-kotzan.de\/wp-content\/uploads\/2025\/09\/43-1-1536x1042.jpg 1536w, https:\/\/autoservice-kotzan.de\/wp-content\/uploads\/2025\/09\/43-1.jpg 1769w\" sizes=\"(max-width: 800px) 100vw, 800px\" \/>\t\t\t\t\t\t\t\t\t\t\t\t\t\t\t<\/div>\n\t\t\t\t<div class=\"elementor-element elementor-element-d7784ed elementor-widget elementor-widget-text-editor\" data-id=\"d7784ed\" data-element_type=\"widget\" data-widget_type=\"text-editor.default\">\n\t\t\t\t\t\t\t\t\t<p><strong>\u00d6l ist nicht gleich \u00d6l<\/strong><\/p><p>Beim\u00a0<strong>\u00d6lwechsel<\/strong>\u00a0k\u00f6nnen nicht nur die Kosten variieren, sondern auch die Qualit\u00e4t. F\u00fcr eine genaue Beratung \/ Beurteilung der\u00a0<strong>Kosten f\u00fcr ein \u00d6lwechsel<\/strong>\u00a0sollte Sie uns kontaktieren oder direkt bei uns vorbeischauen. Wir erstellen Ihnen ein unverbindliches\u00a0<strong>Angebot f\u00fcr ihren \u00d6lwechsel<\/strong>\u00a0in\u00a0<strong>Cottbus und Umgebung<\/strong>. Danach k\u00f6nnen wir ein Termin f\u00fcr Sie vereinbaren.<\/p><p>Zum \u00d6lwechsel geh\u00f6rt nicht nur das \u00d6l \u2013 wir achten auch auf\u00a0<strong>alle Folgereparaturen<\/strong>\u00a0die mit dem \u00d6lwechsel zusammenh\u00e4ngen, das hei\u00dft: wir schauen auf viele Indikatoren bez\u00fcglich eines\u00a0<strong>Motorschaden<\/strong>\u00a0oder achten auf Verschlei\u00dfteile die mit einem \u00d6lwechsel in Verbindung stehen. Somit erhalten Sie bei uns einen erh\u00f6hten Service damit Sie in Zukunft sicher und ohne Folgekosten mit ihrem Fahrzeug fahren k\u00f6nnen<\/p><p><strong>Warten Sie nicht lange<\/strong>\u00a0\u2013 eines der wichtigsten Ma\u00dfnahmen bei Auto (KFZ) ist nun mal der \u00d6lwechsel \u2013 ohne dem Motor f\u00e4hrt Ihr Fahrzeug nicht mehr!<\/p>\t\t\t\t\t\t\t\t<\/div>\n\t\t\t\t\t<\/div>\n\t\t\t\t<\/div>\n\t\t\t\t<\/div>\n\t\t","protected":false},"excerpt":{"rendered":"<p>\u00d6l ist nicht gleich \u00d6l Beim\u00a0\u00d6lwechsel\u00a0k\u00f6nnen nicht nur die Kosten variieren, sondern auch die Qualit\u00e4t. F\u00fcr eine genaue Beratung \/ Beurteilung der\u00a0Kosten f\u00fcr ein \u00d6lwechsel\u00a0sollte Sie uns kontaktieren oder direkt bei uns vorbeischauen. Wir erstellen Ihnen ein unverbindliches\u00a0Angebot f\u00fcr ihren \u00d6lwechsel\u00a0in\u00a0Cottbus und Umgebung. Danach k\u00f6nnen wir ein Termin f\u00fcr Sie vereinbaren. Zum \u00d6lwechsel geh\u00f6rt nicht [&hellip;]<\/p>\n","protected":false},"author":1,"featured_media":0,"parent":14,"menu_order":0,"comment_status":"closed","ping_status":"closed","template":"","meta":{"footnotes":""},"class_list":["post-20","page","type-page","status-publish","hentry"],"_links":{"self":[{"href":"https:\/\/autoservice-kotzan.de\/index.php?rest_route=\/wp\/v2\/pages\/20","targetHints":{"allow":["GET"]}}],"collection":[{"href":"https:\/\/autoservice-kotzan.de\/index.php?rest_route=\/wp\/v2\/pages"}],"about":[{"href":"https:\/\/autoservice-kotzan.de\/index.php?rest_route=\/wp\/v2\/types\/page"}],"author":[{"embeddable":true,"href":"https:\/\/autoservice-kotzan.de\/index.php?rest_route=\/wp\/v2\/users\/1"}],"replies":[{"embeddable":true,"href":"https:\/\/autoservice-kotzan.de\/index.php?rest_route=%2Fwp%2Fv2%2Fcomments&post=20"}],"version-history":[{"count":4,"href":"https:\/\/autoservice-kotzan.de\/index.php?rest_route=\/wp\/v2\/pages\/20\/revisions"}],"predecessor-version":[{"id":242,"href":"https:\/\/autoservice-kotzan.de\/index.php?rest_route=\/wp\/v2\/pages\/20\/revisions\/242"}],"up":[{"embeddable":true,"href":"https:\/\/autoservice-kotzan.de\/index.php?rest_route=\/wp\/v2\/pages\/14"}],"wp:attachment":[{"href":"https:\/\/autoservice-kotzan.de\/index.php?rest_route=%2Fwp%2Fv2%2Fmedia&parent=20"}],"curies":[{"name":"wp","href":"https:\/\/api.w.org\/{rel}","templated":true}]}}